{"id":349,"date":"2023-03-28T15:56:21","date_gmt":"2023-03-28T13:56:21","guid":{"rendered":"https:\/\/www.treshermanos.ch\/datenschutzrichtlinie\/"},"modified":"2023-04-05T10:59:55","modified_gmt":"2023-04-05T08:59:55","slug":"datenschutzrichtlinie","status":"publish","type":"page","link":"https:\/\/www.treshermanos.ch\/de\/datenschutzrichtlinie\/","title":{"rendered":"Datenschutzrichtlinie"},"content":{"rendered":"\n<h2 class=\"wp-block-heading\">Engagement<\/h2>\n\n<p>Tres Hermanos verpflichtet sich gegen\u00fcber allen Besuchern und Kunden seiner Website treshermanos.ch, die Vertraulichkeit der pers\u00f6nlichen Informationen, die ihm \u00fcbermittelt werden, zu gew\u00e4hrleisten, d.h. die Vertraulichkeit der Daten, die er von Ihnen erh\u00e4lt:<\/p>\n\n<ol class=\"wp-block-list\">\n<li>Fl\u00fcchtiger Charakter der Daten, die auf der treshermanos-Website, die Eigentum von Dentsupply SA ist, gesammelt werden.<\/li>\n\n\n\n<li>Schutz von pers\u00f6nlichen Daten<\/li>\n\n\n\n<li>Sicherheit der Transaktionen<\/li>\n\n\n\n<li>Recht auf Berichtigung pers\u00f6nlicher Daten  <\/li>\n<\/ol>\n\n<h2 class=\"wp-block-heading\"><br\/>Fl\u00fcchtiger Charakter der auf der Website von Tres Hermanos SA gesammelten Daten.<\/h2>\n\n<p>Um die uns \u00fcbermittelten Bestellungen bearbeiten zu k\u00f6nnen, m\u00fcssen wir die Daten, die uns von Ihrem Computer \u00fcbermittelt werden, kennen und speichern k\u00f6nnen: Wir m\u00fcssen wissen, wer Sie sind und welche Artikel Sie gerade kaufen. Cookies sind Programme, die nur zu diesem einen Zweck verwendet werden: Sie speichern f\u00fcr die Dauer Ihres Besuchs Ihre Identit\u00e4t (bekannt durch Ihren Benutzernamen und Ihr Passwort) und den Inhalt Ihres Warenkorbs, wenn Sie ihn f\u00fcllen. Nach Abschluss Ihres Einkaufs werden diese Informationen automatisch gel\u00f6scht, da unsere &#8222;Cookies&#8220; zu den sogenannten &#8222;fl\u00fcchtigen Cookies&#8220; geh\u00f6ren.<\/p>\n\n<h2 class=\"wp-block-heading\"><br\/>Schutz von pers\u00f6nlichen Daten<\/h2>\n\n<p>Als kommerzielle Website sammelt Tres Hermanos eine Reihe von Informationen, die f\u00fcr die Bearbeitung von Bestellungen notwendig sind.<br\/>Dentsupply SA behandelt alle diese Informationen mit h\u00f6chster Vertraulichkeit. Ihre pers\u00f6nlichen Daten werden unter keinen Umst\u00e4nden an Dritte weitergegeben.<\/p>\n\n<h2 class=\"wp-block-heading\"><br\/>Sicherheit der Transaktionen<\/h2>\n\n<p>Die Zahlung per Kreditkarte wird durch die Verschl\u00fcsselung Ihrer Daten sichergestellt. Die Transaktion, die zwischen Ihnen und unserer Website stattfindet, ist verschl\u00fcsselt (256-Bit-SSL). Die Bankdaten, die Sie uns mitteilen, sind auf Ihrem eigenen Computer verschl\u00fcsselt und werden niemals unverschl\u00fcsselt im Internet zirkulieren.<\/p>\n\n<h2 class=\"wp-block-heading\">Recht auf Berichtigung pers\u00f6nlicher Daten<\/h2>\n\n<p>Sie haben das Recht, auf die Sie betreffenden Daten zuzugreifen, sie zu berichtigen, zu \u00e4ndern und zu l\u00f6schen. Sie k\u00f6nnen dieses Recht aus\u00fcben, indem Sie uns eine E-Mail an info@treshermanos.ch schicken.<\/p>\n","protected":false},"excerpt":{"rendered":"<p>Engagement Tres Hermanos verpflichtet sich gegen\u00fcber allen Besuchern und Kunden seiner Website treshermanos.ch, die Vertraulichkeit der pers\u00f6nlichen Informationen, die ihm \u00fcbermittelt werden, zu gew\u00e4hrleisten, d.h. die Vertraulichkeit der Daten, die er von Ihnen erh\u00e4lt: Fl\u00fcchtiger Charakter der auf der Website von Tres Hermanos SA gesammelten Daten. Um die uns \u00fcbermittelten Bestellungen bearbeiten zu k\u00f6nnen, m\u00fcssen [&hellip;]<\/p>\n","protected":false},"author":1,"featured_media":0,"parent":0,"menu_order":0,"comment_status":"closed","ping_status":"closed","template":"","meta":{"_acf_changed":false,"footnotes":""},"class_list":["post-349","page","type-page","status-publish","hentry"],"acf":[],"_links":{"self":[{"href":"https:\/\/www.treshermanos.ch\/de\/wp-json\/wp\/v2\/pages\/349","targetHints":{"allow":["GET"]}}],"collection":[{"href":"https:\/\/www.treshermanos.ch\/de\/wp-json\/wp\/v2\/pages"}],"about":[{"href":"https:\/\/www.treshermanos.ch\/de\/wp-json\/wp\/v2\/types\/page"}],"author":[{"embeddable":true,"href":"https:\/\/www.treshermanos.ch\/de\/wp-json\/wp\/v2\/users\/1"}],"replies":[{"embeddable":true,"href":"https:\/\/www.treshermanos.ch\/de\/wp-json\/wp\/v2\/comments?post=349"}],"version-history":[{"count":0,"href":"https:\/\/www.treshermanos.ch\/de\/wp-json\/wp\/v2\/pages\/349\/revisions"}],"wp:attachment":[{"href":"https:\/\/www.treshermanos.ch\/de\/wp-json\/wp\/v2\/media?parent=349"}],"curies":[{"name":"wp","href":"https:\/\/api.w.org\/{rel}","templated":true}]}}