{"id":353,"date":"2023-03-28T15:37:30","date_gmt":"2023-03-28T13:37:30","guid":{"rendered":"https:\/\/www.treshermanos.ch\/allgemeine-geschaeftsbedingungen-von-tres-hermanos-sa\/"},"modified":"2023-07-24T18:58:52","modified_gmt":"2023-07-24T16:58:52","slug":"allgemeine-geschaeftsbedingungen-von-tres-hermanos-sa","status":"publish","type":"page","link":"https:\/\/www.treshermanos.ch\/de\/allgemeine-geschaeftsbedingungen-von-tres-hermanos-sa\/","title":{"rendered":"Allgemeine Gesch\u00e4ftsbedingungen von Tres Hermanos SA"},"content":{"rendered":"\n<h2 class=\"wp-block-heading\">\u00a0<\/h2>\n\n<h2 class=\"wp-block-heading\">ARTIKEL 1: PR\u00c4AMBEL<\/h2>\n\n<p>Die vorliegenden Allgemeinen Gesch\u00e4ftsbedingungen werden jedem K\u00e4ufer (im Folgenden &#8222;K\u00e4ufer&#8220;), einer nat\u00fcrlichen oder juristischen Person, systematisch zur Kenntnis gebracht, um ihm die M\u00f6glichkeit zu geben, auf dieser Website eine Bestellung aufzugeben, unter Ausschluss aller anderen Bedingungen.<\/p>\n\n<p>Der K\u00e4ufer erkl\u00e4rt vor seiner Bestellung, dass er die volle Rechtsf\u00e4higkeit besitzt, die es ihm erm\u00f6glicht, sich im Rahmen der vorliegenden allgemeinen Verkaufsbedingungen zu verpflichten.<\/p>\n\n<p><strong>Diese Website steht nur Personen zur Verf\u00fcgung, die mindestens 18 Jahre alt sind.<\/strong><\/p>\n\n<p>Folglich setzt jeder Zugang, jede Nutzung oder jede Bestellung eines oder mehrerer Produkte auf der Website www.treshermanos.ch voraus, dass der K\u00e4ufer diese Allgemeinen Gesch\u00e4ftsbedingungen konsultiert und sie voll und ganz, ohne Vorbehalt, akzeptiert.<\/p>\n\n<h2 class=\"wp-block-heading\">ARTIKEL 2: KUNDENSERVICE UND SHOP<\/h2>\n\n<p>F\u00fcr Informationen, Fragen oder Ratschl\u00e4ge steht Ihnen unser Kundenservice zur Verf\u00fcgung :<\/p>\n\n<p><strong>Kundenservice<br\/>\u00d6ffnungszeiten:<\/strong> Montag bis Freitag von 9:00 bis 11:30 Uhr &#8211; 14:00 bis 17:00 Uhr<br\/><strong>E-Mail:<\/strong> <a href=\"mailto:info@treshermanos.ch\">info@treshermanos.ch<\/a><br\/><strong>Tel.:<\/strong> <a href=\"tel:+41793015632\">+41 (0)79 301 56 32<\/a><\/p>\n\n<p><strong>Sitz Gesellschaft.<\/strong><br\/><strong>Post :<\/strong> Tres Hermanos SA, Avenue du Th\u00e9\u00e2tre 7, CH-1005 Lausanne (VD)<br\/><strong>Stundenplan:<\/strong> Montag bis Freitag 9H00 bis 16h00<br\/><strong>E-Mail:<\/strong> info@treshermanos.ch<br\/><strong>Tel:<\/strong> +41 (0) <a href=\"tel:00410213211515\">021 321 15 15<\/a><\/p>\n\n<h2 class=\"wp-block-heading\">ARTIKEL 3: R\u00dcCKVERFOLGBARKEIT UND GARANTIE<\/h2>\n\n<p>Wir bem\u00fchen uns jeden Tag darum, die bestm\u00f6gliche Qualit\u00e4t an Zigarren auszuw\u00e4hlen und anzubieten. Die von uns angebotenen Zigarren stammen aus eigener Produktion, so dass wir ihre Herkunft garantieren k\u00f6nnen.<\/p>\n\n<p>Da wir die Herkunft unserer Produkte streng kontrollieren, k\u00f6nnen wir Ihnen die Gewissheit geben, dass die Zigarren, die Sie kaufen, zu 100 % original sind und nicht aus F\u00e4lschungen oder dem grauen Markt (minderwertige Zigarren) stammen.<\/p>\n\n<p>Tres Hermanos-Zigarren k\u00f6nnen einzeln, in 5er-, 10er- und 25er-Kisten verkauft werden. Jede Zigarre wird einzeln in Zellophan verpackt, was sicherstellt, dass sie nicht austrocknet und ihre Aromen verliert. So wird das Umblatt von der Produktion bis zum Verbraucher gesch\u00fctzt. Sie haben die Gewissheit, dass Ihre Zigarre nicht von mehreren Personen gehandhabt wurde, was bei unverpackten Zigarren oft der Fall ist.<\/p>\n\n<p>Unser erstes Ziel ist die sorgf\u00e4ltige Auswahl der Rohstoffe, die wir einkaufen. So arbeiten wir nur mit Produzenten zusammen, die vertraglich an Tres Hermanos gebunden sind. Dies garantiert und bescheinigt Ihnen die Seriosit\u00e4t und R\u00fcckverfolgbarkeit der Zigarren, die Sie bei uns kaufen.<\/p>\n\n<p>Jede Schachtel wird vor jeder Bestellungsbest\u00e4tigung von unseren Spezialisten \u00fcberpr\u00fcft. Die Kisten werden luftdicht verpackt, damit die Zigarren w\u00e4hrend des Transports des Produkts ihre optimale Feuchtigkeit behalten.<\/p>\n\n<h2 class=\"wp-block-heading\">ARTIKEL 4: PREISE<\/h2>\n\n<p>Die Preise f\u00fcr unsere Produkte sind in Schweizer Franken (CHF) angegeben und enthalten die Mehrwertsteuer (MwSt.).<\/p>\n\n<p>Die Verkaufspreise der Produkte k\u00f6nnen von Tres Hermanos jederzeit ge\u00e4ndert werden, wobei davon ausgegangen wird, dass die in Rechnung gestellten Preise diejenigen sind, die zum Zeitpunkt der Bestellung g\u00fcltig waren.<\/p>\n\n<p>Die Kosten f\u00fcr die Bearbeitung und den Versand der Bestellung werden zus\u00e4tzlich in Rechnung gestellt.<\/p>\n\n<h2 class=\"wp-block-heading\">ARTIKEL 5: ZOLLGEB\u00dcHREN F\u00dcR L\u00c4NDER AUSSERHALB DER SCHWEIZ ODER EUROPAS.<\/h2>\n\n<p>Bestimmte Steuern oder Zollgeb\u00fchren k\u00f6nnen f\u00e4llig werden, wenn das Paket an seinem Bestimmungsort ankommt. Diese gehen ausschlie\u00dflich zu Lasten des K\u00e4ufers und liegen in seiner alleinigen Verantwortung. Tres Hermanos ist nicht verpflichtet, den K\u00e4ufer \u00fcber anfallende Zollgeb\u00fchren oder andere Steuern zu informieren.<\/p>\n\n<h2 class=\"wp-block-heading\">ARTIKEL 6: DIE BESTELLUNG UND DIE BEST\u00c4TIGUNG DER TRANSAKTION.<\/h2>\n\n<p>Es gibt keinen Mindestbestellwert.<\/p>\n\n<p>Es ist wichtig, dass Sie bei der Bestellungsaufnahme Ihre Telefonnummer, Ihre Adresse und Ihre E-Mail-Adresse angeben. Wenn Sie die Bestellung best\u00e4tigen, erkl\u00e4ren Sie, dass Sie diese sowie die Gesamtheit der vorliegenden Allgemeinen Gesch\u00e4ftsbedingungen vollst\u00e4ndig und vorbehaltlos akzeptieren.<\/p>\n\n<p>Ihre Bestellung wird dann zur Bearbeitung an unsere Kundenbetreuung weitergeleitet.<\/p>\n\n<p>Sie k\u00f6nnen dann Ihr Bestellformular ausdrucken&#8230;<\/p>\n\n<p>Wir behalten uns das Recht vor, die Bestellung eines Kunden abzulehnen, mit dem es einen Streit \u00fcber die Bezahlung einer fr\u00fcheren Bestellung gibt.<\/p>\n\n<p>Sobald Ihre Bestellung registriert ist, wird Ihnen eine detaillierte Empfangsbest\u00e4tigung Ihrer Bestellung an Ihre E-Mail-Adresse geschickt. Diese Empfangsbest\u00e4tigung best\u00e4tigt Ihnen den genauen Rechnungsbetrag und die Lieferbedingungen f\u00fcr Ihre Bestellung.<\/p>\n\n<h2 class=\"wp-block-heading\">ARTIKEL 7: VERF\u00dcGBARKEIT VON PRODUKTEN<\/h2>\n\n<p>Treshermanos.ch unternimmt alle Anstrengungen, um die Verf\u00fcgbarkeit der Produkte zu gew\u00e4hrleisten.<\/p>\n\n<p>Sollten sich trotz unserer Bem\u00fchungen die urspr\u00fcnglich als auf Lager angegebenen Produkte nach der Bestellung als nicht verf\u00fcgbar erweisen, wird treshermanos.ch den K\u00e4ufer so schnell wie m\u00f6glich per E-Mail dar\u00fcber informieren.<\/p>\n\n<p>Wir garantieren, die Qualit\u00e4t unserer Produkte, unseres Kundenservice und unserer Preise. In keinem Fall sind wir daf\u00fcr verantwortlich, wenn unser Importeur unsere Zigarren nicht liefert. (Lieferverz\u00f6gerung durch den Importeur).<\/p>\n\n<p>Wir unterscheiden die Verf\u00fcgbarkeit wie folgt:<\/p>\n\n<p><strong>\n  <u>Auf Lager :<br\/><\/u>\n<\/strong>Der Artikel ist auf Lager, also versandfertig. Sie erhalten Ihre Bestellung unter :<br\/><strong>F\u00fcr die Schweiz:<\/strong> 2 bis 3 Werktage<br\/><strong>F\u00fcr Europa:<\/strong> 5-10 Werktage (Diese Frist beinhaltet die Zollkontrolle)<br\/>F\u00fcr andere Bestimmungen siehe Artikel 9.2<\/p>\n\n<p><strong>\n  <u>Beim Lieferanten auf Lager :<br\/><\/u>\n<\/strong>Bitte beachten Sie, dass die Frist auf den Informationen beruht, die uns von unseren Lieferanten zur Verf\u00fcgung gestellt werden. Leider kommt es immer wieder vor, dass die Lieferanten selbst nicht in der Lage sind, ihre Termine einzuhalten und die Lieferung verz\u00f6gern.<\/p>\n\n<p>Wenn wir die Produkte fr\u00fcher als erwartet erhalten, senden wir sie Ihnen so schnell wie m\u00f6glich zu.<\/p>\n\n<h2 class=\"wp-block-heading\">ARTIKEL 8: AKZEPTIERTE ZAHLUNGSMETHODEN<\/h2>\n\n<p>Der K\u00e4ufer muss seine Bestellung \u00fcber die auf der Website angebotenen Zahlungsmethoden bezahlen.<\/p>\n\n<p>Die Belastung der Karte erfolgt am Tag der Bestellung und gilt nach der Best\u00e4tigung der Zustimmung durch die Bankverarbeitungszentren als wirksam.<\/p>\n\n<p>Der K\u00e4ufer garantiert, dass er \u00fcber die notwendigen Berechtigungen verf\u00fcgt, um die Zahlungsmethode zu verwenden, die er bei der Registrierung seines Bestellscheins ausgew\u00e4hlt hat.<\/p>\n\n<p>Treshermanos.ch beh\u00e4lt sich das Recht vor, jede Bestellung und\/oder Lieferung auszusetzen oder zu stornieren, wenn der K\u00e4ufer eine f\u00e4llige Summe nicht bezahlt, wenn es einen Zahlungsvorfall gibt oder wenn es einen Betrug oder einen Betrugsversuch in Bezug auf die Nutzung der Website treshermanos.ch gibt.<\/p>\n\n<p>Im Rahmen der Bek\u00e4mpfung von Internetbetrug k\u00f6nnen die Informationen \u00fcber die Bestellung des K\u00e4ufers zur \u00dcberpr\u00fcfung an alle Dritten weitergeleitet werden.<\/p>\n\n<h2 class=\"wp-block-heading\">ARTIKEL 8.1: SICHERE ZAHLUNG<\/h2>\n\n<p>Die Zahlung erfolgt mit der auf der Website treshermanos.ch zugelassenen Zahlungsmethode.<\/p>\n\n<p>Die Online-Zahlung per Kreditkarte ist vollst\u00e4ndig gesichert. Die gesamte Transaktion wird verschl\u00fcsselt an einen Bankvalidierungsserver im SSL-Modus (Secure Socket Layer) weitergeleitet. Sie t\u00e4tigen dann Ihre Eink\u00e4ufe in aller Sicherheit.<\/p>\n\n<h2 class=\"wp-block-heading\">ARTIKEL 9: LIEFERUNG UND VERSANDKOSTEN<\/h2>\n\n<h3 class=\"wp-block-heading\">ARTIKEL 9.1 ALLGEMEINE REGEL<\/h3>\n\n<p>Die Lieferung erfolgt an die Adresse, die der K\u00e4ufer bei seiner Bestellung angegeben hat. Es obliegt ihm, alle f\u00fcr die ordnungsgem\u00e4\u00dfe Bef\u00f6rderung des Pakets erforderlichen Angaben zu machen. Der Gefahren\u00fcbergang f\u00fcr die von unserem Unternehmen verkauften Produkte erfolgt bei der \u00dcbergabe der Produkte durch unser Unternehmen an den Spediteur.<\/p>\n\n<p>Der K\u00e4ufer ist verpflichtet, bei der Lieferung den Zustand der Verpackung und den Inhalt der Ware zu \u00fcberpr\u00fcfen. Wenn das Paket des K\u00e4ufers, das direkt in seinem Briefkasten abgegeben wurde, besch\u00e4digt ist, muss der K\u00e4ufer unbedingt zu seinem Postamt gehen, um die Besch\u00e4digung seines Pakets feststellen zu lassen. Wenn dies nicht am Tag der Zustellung geschieht, kann das Postamt die \u00dcbernahme einer Entsch\u00e4digung ablehnen.<\/p>\n\n<h3 class=\"wp-block-heading\">ARTIKEL 9.2. VERSANDFRISTEN<\/h3>\n\n<p><strong>Die Versandzeiten sind :<\/strong><br\/><strong>F\u00fcr andere Bestimmungsorte: <\/strong>15-20 Werktage (Diese Frist umfasst die Zollkontrolle).<br\/><strong>Diese Fristen sind Sch\u00e4tzungen:<\/strong> Eine eventuelle \u00dcberschreitung der Fristen berechtigt den K\u00e4ufer weder zu Schadenersatz noch zu einer Zur\u00fcckhaltung oder Stornierung der Bestellung.<\/p>\n\n<p>Erfolgt nach Ablauf von (90) Tagen keine Lieferung, hat der K\u00e4ufer die M\u00f6glichkeit, seine Bestellung zu stornieren (es sei denn, diese Lieferverz\u00f6gerung ist auf h\u00f6here Gewalt im Sinne der Rechtsprechung der Gerichte zur\u00fcckzuf\u00fchren).<\/p>\n\n<p>Die vom K\u00e4ufer f\u00fcr die Produkte gezahlten Betr\u00e4ge werden ihm dann innerhalb von drei\u00dfig (30) Tagen nach dem Stornierungsantrag des K\u00e4ufers zur\u00fcckerstattet, unter Ausschluss jeglicher anderer Entsch\u00e4digungen. Der K\u00e4ufer muss seinen Antrag per E-Mail an folgende Adresse stellen: treshermanos.ch<\/p>\n\n<p>Treshermanos.ch kann nicht f\u00fcr die Lieferverpflichtung in allen F\u00e4llen h\u00f6herer Gewalt (Streiks, \u00dcberschwemmungen, Feuer, usw., ohne dass diese Liste einschr\u00e4nkend ist) haftbar gemacht werden.<\/p>\n\n<p>Die vorbehaltlose Entgegennahme der bestellten Produkte durch den Kunden deckt alle offensichtlichen M\u00e4ngel und\/oder fehlenden Teile ab. Die Reklamation, die der Erwerber unter den in diesem Artikel beschriebenen Bedingungen und Modalit\u00e4ten durchf\u00fchrt, setzt die Zahlung des Kunden f\u00fcr die betreffenden Waren nicht aus. Unser Unternehmen kann in keinem Fall f\u00fcr Tatsachen w\u00e4hrend des Transports, Zerst\u00f6rung, Besch\u00e4digung, Verlust oder Diebstahl haftbar gemacht werden, auch wenn es den Spediteur ausgew\u00e4hlt hat.<\/p>\n\n<h3 class=\"wp-block-heading\">ARTIKEL 9.3 WEITERLEITUNG<\/h3>\n\n<p>Die Lieferung erfolgt durch den Zusteller an die Adresse, die der K\u00e4ufer auf dem Bestellformular angegeben hat. Eine Empfangsbest\u00e4tigung muss vom K\u00e4ufer unterzeichnet werden. Bei Abwesenheit erh\u00e4lt der K\u00e4ufer eine Benachrichtigung \u00fcber die Ankunft des Zustellers und kann \u00fcber das Internet eine Zustellung seines Pakets am n\u00e4chsten Tag beantragen.<\/p>\n\n<p>Falls das Paket nicht innerhalb der gesetzten Frist beim Spediteur angemeldet und an, treshermanos.ch zur\u00fcckgeschickt wird, hat der Kunde die M\u00f6glichkeit, sich das Paket gegen erneute Zahlung der Versandkosten erneut zusenden zu lassen, und zwar unabh\u00e4ngig von der H\u00f6he der urspr\u00fcnglich gezahlten Versandkosten.<\/p>\n\n<p>Im Falle einer R\u00fccksendung des Pakets durch die Post aus dem Grund &#8222;Wohnt nicht an der angegebenen Adresse&#8220; und unter der Bedingung, dass die Produkte in perfektem Zustand empfangen wurden, wird treshermanos.ch die Lieferung des Pakets auf Kosten des K\u00e4ufers erneut durchf\u00fchren.<\/p>\n\n<h2 class=\"wp-block-heading\">ARTIKEL 10: R\u00dcCKSENDUNGEN<\/h2>\n\n<p>Der Kunde ist f\u00fcr die einmal gelieferten Produkte verantwortlich, auch wenn diese in seiner Abwesenheit vor seiner T\u00fcr oder bei einem Nachbarn abgestellt werden.<\/p>\n\n<p>Reklamationen \u00fcber die Qualit\u00e4t der Lieferung werden innerhalb von 5 Tagen nach Erhalt der Ware akzeptiert.<\/p>\n\n<p>Wenn der Kunde Produkte irrt\u00fcmlich bestellt, k\u00f6nnen diese auf eigene Kosten zum Umtausch an uns zur\u00fcckgeschickt werden, eine R\u00fcckerstattung ist nicht m\u00f6glich.<\/p>\n\n<h2 class=\"wp-block-heading\">ARTIKEL 11: GARANTIE<\/h2>\n\n<p>Der Verk\u00e4ufer garantiert, dass die Ware ohne Materialfehler hergestellt, gepr\u00fcft und verpackt wird. Die Produkte m\u00fcssen vom Kunden bei Lieferung \u00fcberpr\u00fcft werden, und alle Vorbehalte oder Beanstandungen in Bezug auf Fehlmengen und offensichtliche M\u00e4ngel m\u00fcssen innerhalb von 48 Stunden nach Erhalt der Bestellung geltend gemacht werden. F\u00fcgen Sie Ihrer Reklamation Fotos des \u00e4u\u00dferen Pakets und nach dem \u00d6ffnen ein Video des gesamten Inhalts bei.<\/p>\n\n<p>Bei offensichtlichen M\u00e4ngeln werden die fehlerhaften Elemente von uns ersetzt, sofern die behaupteten M\u00e4ngel \u00fcberpr\u00fcft wurden.<\/p>\n\n<p>M\u00e4ngel und Verschlechterungen der gelieferten Produkte infolge anormaler Lagerungs- und\/oder Aufbewahrungsbedingungen beim Kunden, insbesondere bei Unf\u00e4llen jeglicher Art, begr\u00fcnden keinen Anspruch auf die von unserem Unternehmen geschuldete Garantie, z. B.: Lagerung in der N\u00e4he einer W\u00e4rmequelle ohne Hydrometrie, au\u00dferhalb der festgelegten Standards.<\/p>\n\n<p>Treshermanos.ch \u00fcbernimmt keine Verantwortung f\u00fcr den Fall, dass die Produkte au\u00dferhalb der Schweiz weiterverkauft werden.<\/p>\n\n<p>Die angebotenen Produkte entsprechen der schweizerischen Gesetzgebung. treshermanos.ch kann nicht haftbar gemacht werden, wenn die Gesetzgebung des Landes, in das die Produkte geliefert werden, nicht eingehalten wird. Es obliegt dem K\u00e4ufer, bei den \u00f6rtlichen Beh\u00f6rden die Einfuhr- oder Nutzungsm\u00f6glichkeiten der Produkte oder Dienstleistungen, die er zu bestellen beabsichtigt, zu \u00fcberpr\u00fcfen.<\/p>\n\n<h2 class=\"wp-block-heading\">ARTIKEL 12: GEISTIGES EIGENTUM<\/h2>\n\n<p>In \u00dcbereinstimmung mit den Gesetzen, die das Eigentum an literarischen und k\u00fcnstlerischen Rechten oder anderen \u00e4hnlichen Rechten regeln, sind die Website treshermanoscom und alle Elemente, Marken, Zeichnungen, Modelle, Logos, Grafiken usw., die sich auf dieser Website befinden, sowie deren Zusammenstellung das ausschlie\u00dfliche Eigentum von treshermanos.ch (Dentsupply. SA).<\/p>\n\n<p>Die Vervielf\u00e4ltigung oder Nutzung dieser Elemente oder eines Teils davon ist nur zum ausschlie\u00dflichen Zweck der Information f\u00fcr den pers\u00f6nlichen und privaten Gebrauch gestattet; die Vervielf\u00e4ltigung und Nutzung von Kopien, die f\u00fcr andere Zwecke angefertigt wurden, ist ausdr\u00fccklich verboten. Jede andere Verwendung stellt eine F\u00e4lschung dar und wird im Rahmen des geistigen Eigentums bestraft, es sei denn, treshermanos.ch hat vorher eine schriftliche Genehmigung erteilt.<\/p>\n\n<p>Alle technischen Unterlagen, die unseren Kunden ausgeh\u00e4ndigt werden, bleiben das exklusive Eigentum von www.treshermanos.ch, die alleinige Inhaberin der geistigen Eigentumsrechte an diesen Unterlagen ist, und m\u00fcssen auf Verlangen an sie zur\u00fcckgegeben werden.<\/p>\n\n<p>Unsere Kunden verpflichten sich, diese Dokumente in keiner Weise zu nutzen, die die gewerblichen oder geistigen Eigentumsrechte unseres Unternehmens verletzen k\u00f6nnte, und sie verpflichten sich, sie nicht an Dritte weiterzugeben.<\/p>\n\n<h2 class=\"wp-block-heading\">ARTIKEL 13: HAFTUNGSAUSSCHLUSS<\/h2>\n\n<p>Treshermanos.ch wird von Dentsupply S.A. herausgegeben und wird &#8222;wie besehen&#8220; ver\u00f6ffentlicht. treshermanos.ch kann nicht f\u00fcr Sch\u00e4den haftbar gemacht werden, die mit der Nutzung dieser Website zusammenh\u00e4ngen, sei es direkt, indirekt oder als Folge davon.<\/p>\n\n<h2 class=\"wp-block-heading\">ARTIKEL 14: VORBEHALTE<\/h2>\n\n<p>Treshermanos.ch beh\u00e4lt sich das Recht vor, die Website und die Gesch\u00e4ftsbedingungen jederzeit zu \u00e4ndern. Im Falle von Widerspr\u00fcchen zwischen den in verschiedene Sprachen \u00fcbersetzten Versionen eines Vertrags oder der Verkaufsbedingungen ist allein die franz\u00f6sische Version ma\u00dfgeblich.<\/p>\n\n<h2 class=\"wp-block-heading\">ARTIKEL 15: RECHTLICHE HINWEISE<\/h2>\n\n<p>Dieser Vertrag unterliegt dem Schweizer Recht. Die Sprache des vorliegenden Vertrags ist die franz\u00f6sische Sprache. Im Falle eines Rechtsstreits sind ausschlie\u00dflich die Schweizer Gerichte zust\u00e4ndig, die ihren Gerichtsstand in Lausanne haben.<\/p>\n\n<p>Die Direktion<\/p>\n\n<p>Datum: 12. November 2019<\/p>\n","protected":false},"excerpt":{"rendered":"<p>\u00a0 ARTIKEL 1: PR\u00c4AMBEL Die vorliegenden Allgemeinen Gesch\u00e4ftsbedingungen werden jedem K\u00e4ufer (im Folgenden &#8222;K\u00e4ufer&#8220;), einer nat\u00fcrlichen oder juristischen Person, systematisch zur Kenntnis gebracht, um ihm die M\u00f6glichkeit zu geben, auf dieser Website eine Bestellung aufzugeben, unter Ausschluss aller anderen Bedingungen. Der K\u00e4ufer erkl\u00e4rt vor seiner Bestellung, dass er die volle Rechtsf\u00e4higkeit besitzt, die es ihm [&hellip;]<\/p>\n","protected":false},"author":3,"featured_media":0,"parent":0,"menu_order":0,"comment_status":"closed","ping_status":"closed","template":"","meta":{"_acf_changed":false,"footnotes":""},"class_list":["post-353","page","type-page","status-publish","hentry"],"acf":[],"_links":{"self":[{"href":"https:\/\/www.treshermanos.ch\/de\/wp-json\/wp\/v2\/pages\/353","targetHints":{"allow":["GET"]}}],"collection":[{"href":"https:\/\/www.treshermanos.ch\/de\/wp-json\/wp\/v2\/pages"}],"about":[{"href":"https:\/\/www.treshermanos.ch\/de\/wp-json\/wp\/v2\/types\/page"}],"author":[{"embeddable":true,"href":"https:\/\/www.treshermanos.ch\/de\/wp-json\/wp\/v2\/users\/3"}],"replies":[{"embeddable":true,"href":"https:\/\/www.treshermanos.ch\/de\/wp-json\/wp\/v2\/comments?post=353"}],"version-history":[{"count":0,"href":"https:\/\/www.treshermanos.ch\/de\/wp-json\/wp\/v2\/pages\/353\/revisions"}],"wp:attachment":[{"href":"https:\/\/www.treshermanos.ch\/de\/wp-json\/wp\/v2\/media?parent=353"}],"curies":[{"name":"wp","href":"https:\/\/api.w.org\/{rel}","templated":true}]}}