{"id":236,"date":"2023-03-21T15:19:10","date_gmt":"2023-03-21T14:19:10","guid":{"rendered":"https:\/\/www.treshermanos.ch\/produit\/nr-2-piramide-torpedo\/"},"modified":"2023-04-05T10:52:09","modified_gmt":"2023-04-05T08:52:09","slug":"n2-piramide-torpedo-3","status":"publish","type":"product","link":"https:\/\/www.treshermanos.ch\/de\/boutique\/n2-piramide-torpedo-3\/","title":{"rendered":"Nr. 2: Piramide (Torpedo)"},"content":{"rendered":"<p>Das Piramide- oder Torpedo-Format ist ebenfalls ein klassisches Modul. Mit intensiven Geschm\u00e4ckern wird sie es erm\u00f6glichen, die Aromen in einem Format zu genie\u00dfen, das durch die Gr\u00f6\u00dfe der Zigarre einen k\u00e4lteren Rauch als die klassische Robusto ergibt.<\/p>\n<h2>Spezifikationen<\/h2>\n<p>Produktionsland: Dominikanische Republik<br \/>\nModul: Piramide, (Torpedo)<br \/>\nRing: 52<br \/>\nDurchmesser (mm): 20.47<br \/>\nL\u00e4nge (mm): 153<br \/>\nDeckblatt: Ecuador<br \/>\nUmblatt: Dominikanische Republik<br \/>\nEinlage : Dominikanische Republik, Peru, Nicaragua<br \/>\nSt\u00e4rke: Full<br \/>\nDauer: ca. 35 Minuten<\/p>\n","protected":false},"excerpt":{"rendered":"<p>Das Piramide- oder Torpedo-Format ist ebenfalls ein klassisches Modul. Mit intensiven Geschm\u00e4ckern wird sie es erm\u00f6glichen, die Aromen in einem Format zu genie\u00dfen, das durch die Gr\u00f6\u00dfe der Zigarre einen k\u00e4lteren Rauch als die klassische Robusto ergibt. Spezifikationen Produktionsland: Dominikanische Republik Modul: Piramide, (Torpedo) Ring: 52 Durchmesser (mm): 20.47 L\u00e4nge (mm): 153 Deckblatt: Ecuador Umblatt: [&hellip;]<\/p>\n","protected":false},"featured_media":3829,"template":"","meta":{"_acf_changed":false},"product_brand":[],"product_cat":[40],"product_tag":[],"class_list":{"0":"post-236","1":"product","2":"type-product","3":"status-publish","4":"has-post-thumbnail","6":"product_cat-klassische_linie","8":"first","9":"instock","10":"taxable","11":"shipping-taxable","12":"purchasable","13":"product-type-variable"},"acf":[],"_links":{"self":[{"href":"https:\/\/www.treshermanos.ch\/de\/wp-json\/wp\/v2\/product\/236","targetHints":{"allow":["GET"]}}],"collection":[{"href":"https:\/\/www.treshermanos.ch\/de\/wp-json\/wp\/v2\/product"}],"about":[{"href":"https:\/\/www.treshermanos.ch\/de\/wp-json\/wp\/v2\/types\/product"}],"wp:featuredmedia":[{"embeddable":true,"href":"https:\/\/www.treshermanos.ch\/de\/wp-json\/wp\/v2\/media\/3829"}],"wp:attachment":[{"href":"https:\/\/www.treshermanos.ch\/de\/wp-json\/wp\/v2\/media?parent=236"}],"wp:term":[{"taxonomy":"product_brand","embeddable":true,"href":"https:\/\/www.treshermanos.ch\/de\/wp-json\/wp\/v2\/product_brand?post=236"},{"taxonomy":"product_cat","embeddable":true,"href":"https:\/\/www.treshermanos.ch\/de\/wp-json\/wp\/v2\/product_cat?post=236"},{"taxonomy":"product_tag","embeddable":true,"href":"https:\/\/www.treshermanos.ch\/de\/wp-json\/wp\/v2\/product_tag?post=236"}],"curies":[{"name":"wp","href":"https:\/\/api.w.org\/{rel}","templated":true}]}}