{"id":239,"date":"2023-03-21T15:19:09","date_gmt":"2023-03-21T14:19:09","guid":{"rendered":"https:\/\/www.treshermanos.ch\/produit\/nr-4-1-2-neuer-gordito-fino\/"},"modified":"2023-04-05T10:52:35","modified_gmt":"2023-04-05T08:52:35","slug":"n4-1-2-new-gordito-fino","status":"publish","type":"product","link":"https:\/\/www.treshermanos.ch\/de\/boutique\/n4-1-2-new-gordito-fino\/","title":{"rendered":"N\u00b04 1\/2: Gordito Fino"},"content":{"rendered":"<p>Die Gordito Fino wurde so kreiert, dass sie leichter zu rauchen ist als die Nummer 4. Wir haben ihn mit 4,5 nummeriert, weil er den Schaft von Nr. 4 hat, dem zwei Spitzen hinzugef\u00fcgt wurden! Denn durch ihre Form muss man beim Rauchen den Mund nicht so weit \u00f6ffnen und sie l\u00e4sst sich leichter anz\u00fcnden. Tats\u00e4chlich wird sie wie eine Zigarette angez\u00fcndet und der Zug nimmt allm\u00e4hlich zu, was eine sehr sch\u00f6ne Erfahrung ist.<\/p>\n<h2>Spezifikationen<\/h2>\n<p>Produktionsland: Dominikanische Republik<br \/>\nModul: Gordito Fino (figurado)<br \/>\nRing: 70<br \/>\nDurchmesser (mm): 27<br \/>\nL\u00e4nge (mm): 152<br \/>\nDeckblatt: Ecuador<br \/>\nUmblatt: Dominikanische Republik<br \/>\nEinlage : Dominikanische Republik, Peru<br \/>\nSt\u00e4rke: Sanft, Leicht<br \/>\nDauer: ca. 45 Minuten<\/p>\n","protected":false},"excerpt":{"rendered":"<p>Die Gordito Fino ist ein gro\u00dfes Modul, das wie eine kleine Zigarre geraucht wird. Sein Rauch wird mild, aber pr\u00e4sent sein, mit Noten von Kaffee und Schokolade neben einer breiten Palette von Aromen. Er wird etwa 40 Minuten lang ein intensives Vergn\u00fcgen bereiten.<\/p>\n","protected":false},"featured_media":3835,"template":"","meta":{"_acf_changed":false},"product_brand":[],"product_cat":[40],"product_tag":[],"class_list":{"0":"post-239","1":"product","2":"type-product","3":"status-publish","4":"has-post-thumbnail","6":"product_cat-klassische_linie","8":"first","9":"instock","10":"taxable","11":"shipping-taxable","12":"purchasable","13":"product-type-variable"},"acf":[],"_links":{"self":[{"href":"https:\/\/www.treshermanos.ch\/de\/wp-json\/wp\/v2\/product\/239","targetHints":{"allow":["GET"]}}],"collection":[{"href":"https:\/\/www.treshermanos.ch\/de\/wp-json\/wp\/v2\/product"}],"about":[{"href":"https:\/\/www.treshermanos.ch\/de\/wp-json\/wp\/v2\/types\/product"}],"wp:featuredmedia":[{"embeddable":true,"href":"https:\/\/www.treshermanos.ch\/de\/wp-json\/wp\/v2\/media\/3835"}],"wp:attachment":[{"href":"https:\/\/www.treshermanos.ch\/de\/wp-json\/wp\/v2\/media?parent=239"}],"wp:term":[{"taxonomy":"product_brand","embeddable":true,"href":"https:\/\/www.treshermanos.ch\/de\/wp-json\/wp\/v2\/product_brand?post=239"},{"taxonomy":"product_cat","embeddable":true,"href":"https:\/\/www.treshermanos.ch\/de\/wp-json\/wp\/v2\/product_cat?post=239"},{"taxonomy":"product_tag","embeddable":true,"href":"https:\/\/www.treshermanos.ch\/de\/wp-json\/wp\/v2\/product_tag?post=239"}],"curies":[{"name":"wp","href":"https:\/\/api.w.org\/{rel}","templated":true}]}}