{"id":245,"date":"2023-03-21T15:19:05","date_gmt":"2023-03-21T14:19:05","guid":{"rendered":"https:\/\/www.treshermanos.ch\/produit\/geschenkset-canonazo\/"},"modified":"2023-03-24T16:41:22","modified_gmt":"2023-03-24T15:41:22","slug":"kasten-canonazo","status":"publish","type":"product","link":"https:\/\/www.treshermanos.ch\/de\/boutique\/kasten-canonazo\/","title":{"rendered":"Kasten &#8222;Ca\u00f1onazo"},"content":{"rendered":"<p>Erfreuen Sie sich an unserer Kiste mit 4 Ca\u00f1onazo-Zigarren, die ausschlie\u00dflich in Tuben geliefert werden, die eine maximale Aufbewahrung der Zigarre erm\u00f6glichen, aber auch ideal f\u00fcr Reisen sind. Eine Habano-Kapuze, viele Aromen, dieses Modul ist der Gral f\u00fcr erfahrene Weinliebhaber. Das Ca\u00f1onazo-Format ist imposant, ohne zu gro\u00df zu sein. Der gro\u00dfe aromatische Reichtum dieses Moduls wird durch eine sorgf\u00e4ltig von uns ausgew\u00e4hlte Mischung von Tabakbl\u00e4ttern aus verschiedenen Regionen und von verschiedenen St\u00e4mmen erzielt. Eine Zigarre f\u00fcr Kenner, die man am besten genie\u00dft, wenn man sich in Momenten der Ruhe und Entspannung Zeit nimmt.<\/p>\n<p>Erh\u00e4ltlich in Schachteln mit 4 Tuben<\/p>\n<h2>Spezifikationen<\/h2>\n<p>Produktionsland: Dominikanische Republik<br \/>\nModul: Ca\u00f1onazo<br \/>\nRing: 54<br \/>\nDurchmesser: 2,1 cm<br \/>\nL\u00e4nge: 15,4 cm<br \/>\nSt\u00e4rke: Medium<br \/>\nDauer: 45-60 Minuten<\/p>\n<p>&nbsp;<\/p>\n","protected":false},"excerpt":{"rendered":"<p>Erfreuen Sie sich an unserer Kiste mit 4 Ca\u00f1onazo-Zigarren, die ausschlie\u00dflich in Tuben geliefert werden, die eine maximale Aufbewahrung der Zigarre erm\u00f6glichen, aber auch ideal f\u00fcr Reisen sind. Eine Habano-Kapuze, viele Aromen, dieses Modul ist der Gral f\u00fcr erfahrene Weinliebhaber. Das Ca\u00f1onazo-Format ist imposant, ohne zu gro\u00df zu sein. Der gro\u00dfe aromatische Reichtum dieses Moduls [&hellip;]<\/p>\n","protected":false},"featured_media":162,"template":"","meta":{"_acf_changed":false},"product_brand":[],"product_cat":[40],"product_tag":[],"class_list":{"0":"post-245","1":"product","2":"type-product","3":"status-publish","4":"has-post-thumbnail","6":"product_cat-klassische_linie","8":"first","9":"instock","10":"taxable","11":"shipping-taxable","12":"purchasable","13":"product-type-simple"},"acf":[],"_links":{"self":[{"href":"https:\/\/www.treshermanos.ch\/de\/wp-json\/wp\/v2\/product\/245","targetHints":{"allow":["GET"]}}],"collection":[{"href":"https:\/\/www.treshermanos.ch\/de\/wp-json\/wp\/v2\/product"}],"about":[{"href":"https:\/\/www.treshermanos.ch\/de\/wp-json\/wp\/v2\/types\/product"}],"wp:featuredmedia":[{"embeddable":true,"href":"https:\/\/www.treshermanos.ch\/de\/wp-json\/wp\/v2\/media\/162"}],"wp:attachment":[{"href":"https:\/\/www.treshermanos.ch\/de\/wp-json\/wp\/v2\/media?parent=245"}],"wp:term":[{"taxonomy":"product_brand","embeddable":true,"href":"https:\/\/www.treshermanos.ch\/de\/wp-json\/wp\/v2\/product_brand?post=245"},{"taxonomy":"product_cat","embeddable":true,"href":"https:\/\/www.treshermanos.ch\/de\/wp-json\/wp\/v2\/product_cat?post=245"},{"taxonomy":"product_tag","embeddable":true,"href":"https:\/\/www.treshermanos.ch\/de\/wp-json\/wp\/v2\/product_tag?post=245"}],"curies":[{"name":"wp","href":"https:\/\/api.w.org\/{rel}","templated":true}]}}