{"id":248,"date":"2023-03-21T15:19:04","date_gmt":"2023-03-21T14:19:04","guid":{"rendered":"https:\/\/www.treshermanos.ch\/produit\/nr-7-lancero\/"},"modified":"2023-04-05T10:53:00","modified_gmt":"2023-04-05T08:53:00","slug":"n7-lancero","status":"publish","type":"product","link":"https:\/\/www.treshermanos.ch\/de\/boutique\/n7-lancero\/","title":{"rendered":"N\u00b07: &#8222;Lancero&#8220;"},"content":{"rendered":"<p>Die Lancero ist eine mythische Zigarre, da sie historisch gesehen von den kubanischen F\u00fchrern geraucht wurde. Es handelt sich um ein elegantes Modul mit einem au\u00dfergew\u00f6hnlich hohen Druck. Von Anfang an wird man einen milden Rauch mit einer leichten Bitterkeit haben, die nach ein paar Z\u00fcgen verschwindet. Der Reichtum an Aromen wird sich bis zum Ende dieses Moduls entfalten, ohne dass es schwerf\u00e4llig wird.<\/p>\n<p>Sie ist eine leichte Zigarre, aber mit vielen Aromen. Die L\u00e4nge dieser Zigarre erm\u00f6glicht das Gl\u00fcck eines kalten Rauchs, ohne dass man den halben Tag damit verbringen muss.<\/p>\n<h2>Spezifikationen<\/h2>\n<p>Produktionsland: Dominikanische Republik<br \/>\nModul: Lancero (Laguito Nr. 1)<br \/>\nRing: 39<br \/>\nDurchmesser (mm): 15<br \/>\nL\u00e4nge (mm):190<br \/>\nDeckblatt: Ecuador<br \/>\nUmblatt: Dominikanische Republik<br \/>\nEinlage : Dominikanische Republik, Peru<br \/>\nSt\u00e4rke: Leicht<br \/>\nDauer: ca. 50 Minuten<\/p>\n","protected":false},"excerpt":{"rendered":"<p>Die Lancero ist eine mythische Zigarre, da sie historisch gesehen von den kubanischen F\u00fchrern geraucht wurde. Es handelt sich um ein elegantes Modul mit einem au\u00dfergew\u00f6hnlich hohen Druck. Von Anfang an wird man einen milden Rauch mit einer leichten Bitterkeit haben, die nach ein paar Z\u00fcgen verschwindet. Der Reichtum an Aromen wird sich bis zum [&hellip;]<\/p>\n","protected":false},"featured_media":3856,"template":"","meta":{"_acf_changed":false},"product_brand":[],"product_cat":[40],"product_tag":[],"class_list":{"0":"post-248","1":"product","2":"type-product","3":"status-publish","4":"has-post-thumbnail","6":"product_cat-klassische_linie","8":"first","9":"instock","10":"taxable","11":"shipping-taxable","12":"purchasable","13":"product-type-variable"},"acf":[],"_links":{"self":[{"href":"https:\/\/www.treshermanos.ch\/de\/wp-json\/wp\/v2\/product\/248","targetHints":{"allow":["GET"]}}],"collection":[{"href":"https:\/\/www.treshermanos.ch\/de\/wp-json\/wp\/v2\/product"}],"about":[{"href":"https:\/\/www.treshermanos.ch\/de\/wp-json\/wp\/v2\/types\/product"}],"wp:featuredmedia":[{"embeddable":true,"href":"https:\/\/www.treshermanos.ch\/de\/wp-json\/wp\/v2\/media\/3856"}],"wp:attachment":[{"href":"https:\/\/www.treshermanos.ch\/de\/wp-json\/wp\/v2\/media?parent=248"}],"wp:term":[{"taxonomy":"product_brand","embeddable":true,"href":"https:\/\/www.treshermanos.ch\/de\/wp-json\/wp\/v2\/product_brand?post=248"},{"taxonomy":"product_cat","embeddable":true,"href":"https:\/\/www.treshermanos.ch\/de\/wp-json\/wp\/v2\/product_cat?post=248"},{"taxonomy":"product_tag","embeddable":true,"href":"https:\/\/www.treshermanos.ch\/de\/wp-json\/wp\/v2\/product_tag?post=248"}],"curies":[{"name":"wp","href":"https:\/\/api.w.org\/{rel}","templated":true}]}}