{"id":251,"date":"2023-03-21T15:19:04","date_gmt":"2023-03-21T14:19:04","guid":{"rendered":"https:\/\/www.treshermanos.ch\/produit\/nr-6-big-hermano-1866\/"},"modified":"2023-04-05T10:53:15","modified_gmt":"2023-04-05T08:53:15","slug":"n6-big-hermano-1866","status":"publish","type":"product","link":"https:\/\/www.treshermanos.ch\/de\/boutique\/n6-big-hermano-1866\/","title":{"rendered":"N\u00b06: Big Hermano &#8211; 1866"},"content":{"rendered":"<p>Die Big Hermano 1866 ist eine so beeindruckende Zigarre, dass jede andere gro\u00dfe Zigarre neben ihr klein wirken wird. Mit einer L\u00e4nge von 18 cm und einem Durchmesser von 2,6 cm (Ring 66) ist sie eine Zigarre f\u00fcr besondere Anl\u00e4sse. Dieses Modul wurde entwickelt, um den aromatischen Reichtum einer Zigarre mit gro\u00dfem Durchmesser mit den unbestreitbaren Vorteilen einer langen Zigarre zu kombinieren, die darin bestehen, dass man einen kalten Rauch rauchen kann. Der Rauch, der in den Mund gelangt, ist n\u00e4mlich weiter von der Verbrennungszone entfernt, nachdem er den gesamten K\u00f6rper der Zigarre durchquert hat, der wie ein Filter wirkt. Dies f\u00fchrt zu einem eleganteren Rauch mit komplexeren Aromen. Diese Zigarre kann leicht bis zum Ende geraucht werden, wenn Sie zwei Stunden Zeit haben, aber einige Liebhaber langer Zigarren werden sich mit der ersten H\u00e4lfte begn\u00fcgen, um eben die unbestreitbaren Vorteile des kalten Rauchs zu genie\u00dfen. Eine elegante Zigarre mit einer gro\u00dfen aromatischen F\u00fclle, einem perfekten Zug und einem wundersch\u00f6nen Aussehen. (Ca. 2 Stunden)<\/p>\n<h2>Spezifikationen<\/h2>\n<p>Produktionsland: Dominikanische Republik<br \/>\nModul: Big Hermano<br \/>\nRing: 66<br \/>\nDurchmesser (mm): 25.98<br \/>\nL\u00e4nge (mm): 180<br \/>\nDeckblatt: Ecuador<br \/>\nUmblatt: Dominikanische Republik<br \/>\nEinlage : Dominikanische Republik, Peru<br \/>\nSt\u00e4rke: Sanft, Leicht<br \/>\nDauer: ca. 2 Stunden<\/p>\n","protected":false},"excerpt":{"rendered":"<p>Die Big Hermano 1866 ist eine so beeindruckende Zigarre, dass jede andere gro\u00dfe Zigarre neben ihr klein wirken wird. Mit einer L\u00e4nge von 18 cm und einem Durchmesser von 2,6 cm (Ring 66) ist sie eine Zigarre f\u00fcr besondere Anl\u00e4sse. Dieses Modul wurde entwickelt, um den aromatischen Reichtum einer Zigarre mit gro\u00dfem Durchmesser mit den [&hellip;]<\/p>\n","protected":false},"featured_media":3853,"template":"","meta":{"_acf_changed":false},"product_brand":[],"product_cat":[40],"product_tag":[],"class_list":{"0":"post-251","1":"product","2":"type-product","3":"status-publish","4":"has-post-thumbnail","6":"product_cat-klassische_linie","8":"first","9":"instock","10":"taxable","11":"shipping-taxable","12":"purchasable","13":"product-type-variable"},"acf":[],"_links":{"self":[{"href":"https:\/\/www.treshermanos.ch\/de\/wp-json\/wp\/v2\/product\/251","targetHints":{"allow":["GET"]}}],"collection":[{"href":"https:\/\/www.treshermanos.ch\/de\/wp-json\/wp\/v2\/product"}],"about":[{"href":"https:\/\/www.treshermanos.ch\/de\/wp-json\/wp\/v2\/types\/product"}],"wp:featuredmedia":[{"embeddable":true,"href":"https:\/\/www.treshermanos.ch\/de\/wp-json\/wp\/v2\/media\/3853"}],"wp:attachment":[{"href":"https:\/\/www.treshermanos.ch\/de\/wp-json\/wp\/v2\/media?parent=251"}],"wp:term":[{"taxonomy":"product_brand","embeddable":true,"href":"https:\/\/www.treshermanos.ch\/de\/wp-json\/wp\/v2\/product_brand?post=251"},{"taxonomy":"product_cat","embeddable":true,"href":"https:\/\/www.treshermanos.ch\/de\/wp-json\/wp\/v2\/product_cat?post=251"},{"taxonomy":"product_tag","embeddable":true,"href":"https:\/\/www.treshermanos.ch\/de\/wp-json\/wp\/v2\/product_tag?post=251"}],"curies":[{"name":"wp","href":"https:\/\/api.w.org\/{rel}","templated":true}]}}