{"id":256,"date":"2023-03-21T15:19:04","date_gmt":"2023-03-21T14:19:04","guid":{"rendered":"https:\/\/www.treshermanos.ch\/produit\/nr-5-salomon\/"},"modified":"2023-07-25T12:18:58","modified_gmt":"2023-07-25T10:18:58","slug":"n5-salomon","status":"publish","type":"product","link":"https:\/\/www.treshermanos.ch\/de\/boutique\/n5-salomon\/","title":{"rendered":"N\u00b05: Salomon"},"content":{"rendered":"<p>Der Salomon ist ebenfalls ein klassisches Modul. Allerdings wird sie angesichts der Schwierigkeit, diese Zigarre zu rollen, nur von wenigen Marken angeboten. Es ist n\u00e4mlich das am schwierigsten herzustellende Modul und kann nur von sehr erfahrenen Handwerkern hergestellt werden.<\/p>\n<p>Eine Besonderheit dieses Moduls ist, dass es sich fast so einfach wie eine Zigarette anz\u00fcnden l\u00e4sst, da seine urspr\u00fcngliche Verbrennungsfl\u00e4che nur wenige Millimeter im Durchmesser misst. Dann, nach einigen h\u00e4rteren Z\u00fcgen in Bezug auf den Zug, wird der Durchmesser gr\u00f6\u00dfer und erreicht die maximale Form. Es folgt eine beeindruckende F\u00fclle an Rauch und Aromen. Da sich die Zigarre zum Mund hin konisch verj\u00fcngt, werden ihre kalten Raucharomen zu einem gro\u00dfartigen Erlebnis geb\u00fcndelt.<\/p>\n<h2>Spezifikationen<\/h2>\n<p>Produktionsland: Dominikanische Republik<br \/>\nModul: Salomon<br \/>\nRing: 57<br \/>\nDurchmesser (mm): 20<br \/>\nL\u00e4nge (mm): 190<br \/>\nDeckblatt: Ecuador<br \/>\nUmblatt: Dominikanische Republik<br \/>\nEinlage : Dominikanische Republik, Peru<br \/>\nSt\u00e4rke: Sanft, Leicht<br \/>\nDauer: ca. 75 Minuten<\/p>\n","protected":false},"excerpt":{"rendered":"<p>Der Salomon ist ebenfalls ein klassisches Modul. Allerdings wird sie angesichts der Schwierigkeit, diese Zigarre zu rollen, nur von wenigen Marken angeboten. Es ist n\u00e4mlich das am schwierigsten herzustellende Modul und kann nur von sehr erfahrenen Handwerkern hergestellt werden. Eine Besonderheit dieses Moduls ist, dass es sich fast so einfach wie eine Zigarette anz\u00fcnden l\u00e4sst, [&hellip;]<\/p>\n","protected":false},"featured_media":3841,"template":"","meta":{"_acf_changed":false},"product_brand":[],"product_cat":[40],"product_tag":[],"class_list":{"0":"post-256","1":"product","2":"type-product","3":"status-publish","4":"has-post-thumbnail","6":"product_cat-klassische_linie","8":"first","9":"instock","10":"taxable","11":"shipping-taxable","12":"purchasable","13":"product-type-variable"},"acf":[],"_links":{"self":[{"href":"https:\/\/www.treshermanos.ch\/de\/wp-json\/wp\/v2\/product\/256","targetHints":{"allow":["GET"]}}],"collection":[{"href":"https:\/\/www.treshermanos.ch\/de\/wp-json\/wp\/v2\/product"}],"about":[{"href":"https:\/\/www.treshermanos.ch\/de\/wp-json\/wp\/v2\/types\/product"}],"wp:featuredmedia":[{"embeddable":true,"href":"https:\/\/www.treshermanos.ch\/de\/wp-json\/wp\/v2\/media\/3841"}],"wp:attachment":[{"href":"https:\/\/www.treshermanos.ch\/de\/wp-json\/wp\/v2\/media?parent=256"}],"wp:term":[{"taxonomy":"product_brand","embeddable":true,"href":"https:\/\/www.treshermanos.ch\/de\/wp-json\/wp\/v2\/product_brand?post=256"},{"taxonomy":"product_cat","embeddable":true,"href":"https:\/\/www.treshermanos.ch\/de\/wp-json\/wp\/v2\/product_cat?post=256"},{"taxonomy":"product_tag","embeddable":true,"href":"https:\/\/www.treshermanos.ch\/de\/wp-json\/wp\/v2\/product_tag?post=256"}],"curies":[{"name":"wp","href":"https:\/\/api.w.org\/{rel}","templated":true}]}}