{"id":260,"date":"2023-03-21T15:19:04","date_gmt":"2023-03-21T14:19:04","guid":{"rendered":"https:\/\/www.treshermanos.ch\/produit\/nr-4-short-gordito\/"},"modified":"2023-04-05T10:53:41","modified_gmt":"2023-04-05T08:53:41","slug":"n4-short-gordito","status":"publish","type":"product","link":"https:\/\/www.treshermanos.ch\/de\/boutique\/n4-short-gordito\/","title":{"rendered":"N\u00b04: Short Gordito"},"content":{"rendered":"<p>Die Gordito Shorts (4&#215;70) haben eine einzigartige Form. Sie erm\u00f6glicht es den Liebhabern gro\u00dfer Module (Durchmesser 2,7 cm), eine nicht zu lange Zigarre (10 cm) zu genie\u00dfen. Da der Aromareichtum einer Zigarre von der Trippe und zum Teil von deren &#8222;Seco&#8220;-Teil herr\u00fchrt, ist es logisch, dass eine Zigarre mit gro\u00dfem Durchmesser mehr Aromareichtum bieten kann, da sie mehr Tabak enth\u00e4lt. Achten Sie jedoch darauf, diesen gro\u00dfen Durchmesser nicht zu weit zu \u00f6ffnen, damit die Luftmenge nicht zu gro\u00df wird, was garantiert, dass die Zigarre nicht hei\u00df wird.<\/p>\n<p>Diese Nr. 4 wird aus einer milderen Mischung als die Nr. 1 bis 3 hergestellt und wird von Anfang an reich an Aromen sein. Er wird sch\u00f6n brennen und beh\u00e4lt seinen seidigen Geschmack bis zum Schluss. (Ca. 45 Minuten).<\/p>\n<h2>Spezifikationen<\/h2>\n<p>Produktionsland: Dominikanische Republik<br \/>\nModul: Short Gordito<br \/>\nRing: 70<br \/>\nDurchmesser (mm): 27.55<br \/>\nL\u00e4nge (mm):100<br \/>\nDeckblatt: Ecuador<br \/>\nUmblatt: Dominikanische Republik<br \/>\nEinlage : Dominikanische Republik, Peru<br \/>\nSt\u00e4rke: Sanft, Leicht<br \/>\nDauer: ca. 45 Minuten<\/p>\n","protected":false},"excerpt":{"rendered":"<p>Die Gordito Shorts (4&#215;70) haben eine einzigartige Form. Sie erm\u00f6glicht es den Liebhabern gro\u00dfer Module (Durchmesser 2,7 cm), eine nicht zu lange Zigarre (10 cm) zu genie\u00dfen. Da der Aromareichtum einer Zigarre von der Trippe und zum Teil von deren &#8222;Seco&#8220;-Teil herr\u00fchrt, ist es logisch, dass eine Zigarre mit gro\u00dfem Durchmesser mehr Aromareichtum bieten kann, [&hellip;]<\/p>\n","protected":false},"featured_media":3838,"template":"","meta":{"_acf_changed":false},"product_brand":[],"product_cat":[40],"product_tag":[],"class_list":{"0":"post-260","1":"product","2":"type-product","3":"status-publish","4":"has-post-thumbnail","6":"product_cat-klassische_linie","8":"first","9":"instock","10":"taxable","11":"shipping-taxable","12":"purchasable","13":"product-type-variable"},"acf":[],"_links":{"self":[{"href":"https:\/\/www.treshermanos.ch\/de\/wp-json\/wp\/v2\/product\/260","targetHints":{"allow":["GET"]}}],"collection":[{"href":"https:\/\/www.treshermanos.ch\/de\/wp-json\/wp\/v2\/product"}],"about":[{"href":"https:\/\/www.treshermanos.ch\/de\/wp-json\/wp\/v2\/types\/product"}],"wp:featuredmedia":[{"embeddable":true,"href":"https:\/\/www.treshermanos.ch\/de\/wp-json\/wp\/v2\/media\/3838"}],"wp:attachment":[{"href":"https:\/\/www.treshermanos.ch\/de\/wp-json\/wp\/v2\/media?parent=260"}],"wp:term":[{"taxonomy":"product_brand","embeddable":true,"href":"https:\/\/www.treshermanos.ch\/de\/wp-json\/wp\/v2\/product_brand?post=260"},{"taxonomy":"product_cat","embeddable":true,"href":"https:\/\/www.treshermanos.ch\/de\/wp-json\/wp\/v2\/product_cat?post=260"},{"taxonomy":"product_tag","embeddable":true,"href":"https:\/\/www.treshermanos.ch\/de\/wp-json\/wp\/v2\/product_tag?post=260"}],"curies":[{"name":"wp","href":"https:\/\/api.w.org\/{rel}","templated":true}]}}