{"id":263,"date":"2023-03-21T15:19:03","date_gmt":"2023-03-21T14:19:03","guid":{"rendered":"https:\/\/www.treshermanos.ch\/produit\/nr-3-robusto\/"},"modified":"2024-11-07T16:00:28","modified_gmt":"2024-11-07T15:00:28","slug":"n3-robusto","status":"publish","type":"product","link":"https:\/\/www.treshermanos.ch\/de\/boutique\/n3-robusto\/","title":{"rendered":"N\u00b03: Robusto"},"content":{"rendered":"<p>Das klassische Robusto-Format wurde geschaffen, um den Liebhabern dieses Moduls eine Zigarre mit viel K\u00f6rper und Intensit\u00e4t zu geben. Eine Zigarre f\u00fcr Liebhaber kr\u00e4ftiger Zigarren.<\/p>\n<h2>Spezifikationen<\/h2>\n<p>Produktionsland: Dominikanische Republik<br \/>\nModul: Robusto<br \/>\nRing: 50<br \/>\nDurchmesser (mm): 19.84<br \/>\nL\u00e4nge (mm): 124<br \/>\nDeckblatt: Ecuador<br \/>\nUmblatt: Dominikanische Republik<br \/>\nEinlage: Karibik, Dominikanische Republik, Peru, Nicaragua<br \/>\nSt\u00e4rke: Full<br \/>\nDauer: ca. 20 Minuten<\/p>\n","protected":false},"excerpt":{"rendered":"<p>Das klassische Robusto-Format wurde geschaffen, um den Liebhabern dieses Moduls eine Zigarre mit viel K\u00f6rper und Intensit\u00e4t zu geben. Eine Zigarre f\u00fcr Liebhaber kr\u00e4ftiger Zigarren. Spezifikationen Produktionsland: Dominikanische Republik Modul: Robusto Ring: 50 Durchmesser (mm): 19.84 L\u00e4nge (mm): 124 Deckblatt: Ecuador Umblatt: Dominikanische Republik Einlage: Karibik, Dominikanische Republik, Peru, Nicaragua St\u00e4rke: Full Dauer: ca. 20 [&hellip;]<\/p>\n","protected":false},"featured_media":3832,"template":"","meta":{"_acf_changed":false},"product_brand":[],"product_cat":[40],"product_tag":[],"class_list":{"0":"post-263","1":"product","2":"type-product","3":"status-publish","4":"has-post-thumbnail","6":"product_cat-klassische_linie","8":"first","9":"instock","10":"taxable","11":"shipping-taxable","12":"purchasable","13":"product-type-variable"},"acf":[],"_links":{"self":[{"href":"https:\/\/www.treshermanos.ch\/de\/wp-json\/wp\/v2\/product\/263","targetHints":{"allow":["GET"]}}],"collection":[{"href":"https:\/\/www.treshermanos.ch\/de\/wp-json\/wp\/v2\/product"}],"about":[{"href":"https:\/\/www.treshermanos.ch\/de\/wp-json\/wp\/v2\/types\/product"}],"wp:featuredmedia":[{"embeddable":true,"href":"https:\/\/www.treshermanos.ch\/de\/wp-json\/wp\/v2\/media\/3832"}],"wp:attachment":[{"href":"https:\/\/www.treshermanos.ch\/de\/wp-json\/wp\/v2\/media?parent=263"}],"wp:term":[{"taxonomy":"product_brand","embeddable":true,"href":"https:\/\/www.treshermanos.ch\/de\/wp-json\/wp\/v2\/product_brand?post=263"},{"taxonomy":"product_cat","embeddable":true,"href":"https:\/\/www.treshermanos.ch\/de\/wp-json\/wp\/v2\/product_cat?post=263"},{"taxonomy":"product_tag","embeddable":true,"href":"https:\/\/www.treshermanos.ch\/de\/wp-json\/wp\/v2\/product_tag?post=263"}],"curies":[{"name":"wp","href":"https:\/\/api.w.org\/{rel}","templated":true}]}}