{"id":4206,"date":"2025-11-17T18:19:11","date_gmt":"2025-11-17T17:19:11","guid":{"rendered":"https:\/\/www.treshermanos.ch\/?post_type=product&#038;p=4206"},"modified":"2025-11-28T10:04:32","modified_gmt":"2025-11-28T09:04:32","slug":"n3-robusto-5er-kiste","status":"publish","type":"product","link":"https:\/\/www.treshermanos.ch\/de\/boutique\/n3-robusto-5er-kiste\/","title":{"rendered":"Nr. 3: Robusto 5er-Kiste"},"content":{"rendered":"<p>5 Robusto Nr. 3 in einer eleganten Holzkiste.<\/p>\n<p>Das klassische Robusto-Format wurde geschaffen, um den Liebhabern dieses Moduls eine Zigarre mit viel K\u00f6rper und Intensit\u00e4t zu geben. Eine Zigarre f\u00fcr Liebhaber kr\u00e4ftiger Zigarren.<\/p>\n<h2>Spezifikationen<\/h2>\n<p>Produktionsland: Dominikanische Republik<br \/>\nModul: Robusto<br \/>\nRing: 50<br \/>\nDurchmesser (mm): 19.84<br \/>\nL\u00e4nge (mm): 124<br \/>\nDeckblatt: Ecuador<br \/>\nUmblatt: Dominikanische Republik<br \/>\nEinlage: Karibik, Dominikanische Republik, Peru, Nicaragua<br \/>\nSt\u00e4rke: Full<br \/>\nDauer: ca. 20 Minuten<\/p>\n","protected":false},"excerpt":{"rendered":"<p>5 Robusto Nr. 3 in einer eleganten Holzkiste. Das klassische Robusto-Format wurde geschaffen, um den Liebhabern dieses Moduls eine Zigarre mit viel K\u00f6rper und Intensit\u00e4t zu geben. Eine Zigarre f\u00fcr Liebhaber kr\u00e4ftiger Zigarren. Spezifikationen Produktionsland: Dominikanische Republik Modul: Robusto Ring: 50 Durchmesser (mm): 19.84 L\u00e4nge (mm): 124 Deckblatt: Ecuador Umblatt: Dominikanische Republik Einlage: Karibik, Dominikanische [&hellip;]<\/p>\n","protected":false},"featured_media":4407,"template":"","meta":{"_acf_changed":false},"product_brand":[],"product_cat":[56],"product_tag":[],"class_list":{"0":"post-4206","1":"product","2":"type-product","3":"status-publish","4":"has-post-thumbnail","6":"product_cat-sortimente","8":"first","9":"instock","10":"taxable","11":"shipping-taxable","12":"purchasable","13":"product-type-simple"},"acf":[],"_links":{"self":[{"href":"https:\/\/www.treshermanos.ch\/de\/wp-json\/wp\/v2\/product\/4206","targetHints":{"allow":["GET"]}}],"collection":[{"href":"https:\/\/www.treshermanos.ch\/de\/wp-json\/wp\/v2\/product"}],"about":[{"href":"https:\/\/www.treshermanos.ch\/de\/wp-json\/wp\/v2\/types\/product"}],"wp:featuredmedia":[{"embeddable":true,"href":"https:\/\/www.treshermanos.ch\/de\/wp-json\/wp\/v2\/media\/4407"}],"wp:attachment":[{"href":"https:\/\/www.treshermanos.ch\/de\/wp-json\/wp\/v2\/media?parent=4206"}],"wp:term":[{"taxonomy":"product_brand","embeddable":true,"href":"https:\/\/www.treshermanos.ch\/de\/wp-json\/wp\/v2\/product_brand?post=4206"},{"taxonomy":"product_cat","embeddable":true,"href":"https:\/\/www.treshermanos.ch\/de\/wp-json\/wp\/v2\/product_cat?post=4206"},{"taxonomy":"product_tag","embeddable":true,"href":"https:\/\/www.treshermanos.ch\/de\/wp-json\/wp\/v2\/product_tag?post=4206"}],"curies":[{"name":"wp","href":"https:\/\/api.w.org\/{rel}","templated":true}]}}