{"id":579,"date":"2023-08-23T14:34:34","date_gmt":"2023-08-23T12:34:34","guid":{"rendered":"https:\/\/treshermanos.ch\/boutique\/rhum-don-isidro\/"},"modified":"2023-08-23T14:34:34","modified_gmt":"2023-08-23T12:34:34","slug":"rhum-don-isidro","status":"publish","type":"product","link":"https:\/\/www.treshermanos.ch\/de\/boutique\/rhum-don-isidro\/","title":{"rendered":"Rhum Don Isidro"},"content":{"rendered":"<p>Ron Don Isidro ist eine Hommage an unseren Gr\u00fcnder, Herrn Isidro Bordas, der Isidro Bordas S.A. im Jahr 1935 gegr\u00fcndet hat. Als echter DOMINIKANISCHER RUM wird er aus in der Dominikanischen Republik angebautem Zuckerrohr destilliert und in unserem eigenen Reifungslager hier in Santiago, Dominikanische Republik, in Ex-Bourbon-F\u00e4ssern gereift, die zuvor behandelt wurden. Dies berechtigt Ron Don Isidro, die Herkunftsbezeichnung &#8222;DOMINICAN RUM&#8220; zu f\u00fchren.<\/p>\n<p>Wir sind bestrebt, in jeder Flasche Ron Don Isidro eine gleichbleibend hohe Qualit\u00e4t zu gew\u00e4hrleisten, und ich bin stolz darauf, Ihnen sagen zu k\u00f6nnen, dass der Rum aus einem einzigen Fass (nicht verschnitten) stammt, das 8 Jahre lang gereift ist, und zwar jeder einzelne Tropfen. Bitte bedenken Sie, dass Spirituosen hier in der Dominikanischen Republik aufgrund des Wetters und der Temperaturen etwa dreimal so schnell reifen, so dass diese 8 Jahre im Vergleich zu anderen Spirituosen viel mehr bedeuten.<\/p>\n<p>Nach der Entnahme aus dem Fass veredeln wir den Rum mit unserem eigenen Verfahren, das \u00fcber Generationen weitergegeben wurde, um seinen Geschmack und Gaumen zu verbessern. Dem Rum wird kein Zucker, Karamell oder Farbstoff direkt zugesetzt. Seine satte braune und r\u00f6tliche Farbe kommt ganz nat\u00fcrlich vom Holz.<\/p>\n","protected":false},"excerpt":{"rendered":"<p>Ron Don Isidro ist eine Hommage an unseren Gr\u00fcnder, Herrn Isidro Bordas, der Isidro Bordas S.A. im Jahr 1935 gegr\u00fcndet hat. Als echter DOMINIKANISCHER RUM wird er aus in der Dominikanischen Republik angebautem Zuckerrohr destilliert und in unserem eigenen Reifungslager hier in Santiago, Dominikanische Republik, in Ex-Bourbon-F\u00e4ssern gereift, die zuvor behandelt wurden. Dies berechtigt Ron [&hellip;]<\/p>\n","protected":false},"featured_media":576,"template":"","meta":{"_acf_changed":false},"product_brand":[],"product_cat":[72],"product_tag":[],"class_list":{"0":"post-579","1":"product","2":"type-product","3":"status-publish","4":"has-post-thumbnail","6":"product_cat-alkohol","8":"first","9":"instock","10":"taxable","11":"shipping-taxable","12":"purchasable","13":"product-type-simple"},"acf":[],"_links":{"self":[{"href":"https:\/\/www.treshermanos.ch\/de\/wp-json\/wp\/v2\/product\/579","targetHints":{"allow":["GET"]}}],"collection":[{"href":"https:\/\/www.treshermanos.ch\/de\/wp-json\/wp\/v2\/product"}],"about":[{"href":"https:\/\/www.treshermanos.ch\/de\/wp-json\/wp\/v2\/types\/product"}],"wp:featuredmedia":[{"embeddable":true,"href":"https:\/\/www.treshermanos.ch\/de\/wp-json\/wp\/v2\/media\/576"}],"wp:attachment":[{"href":"https:\/\/www.treshermanos.ch\/de\/wp-json\/wp\/v2\/media?parent=579"}],"wp:term":[{"taxonomy":"product_brand","embeddable":true,"href":"https:\/\/www.treshermanos.ch\/de\/wp-json\/wp\/v2\/product_brand?post=579"},{"taxonomy":"product_cat","embeddable":true,"href":"https:\/\/www.treshermanos.ch\/de\/wp-json\/wp\/v2\/product_cat?post=579"},{"taxonomy":"product_tag","embeddable":true,"href":"https:\/\/www.treshermanos.ch\/de\/wp-json\/wp\/v2\/product_tag?post=579"}],"curies":[{"name":"wp","href":"https:\/\/api.w.org\/{rel}","templated":true}]}}