{"id":639,"date":"2023-11-29T11:53:15","date_gmt":"2023-11-29T10:53:15","guid":{"rendered":"https:\/\/treshermanos.ch\/?post_type=product&#038;p=639"},"modified":"2023-11-29T12:04:57","modified_gmt":"2023-11-29T11:04:57","slug":"n1-gordito-asgi","status":"publish","type":"product","link":"https:\/\/www.treshermanos.ch\/de\/boutique\/n1-gordito-asgi\/","title":{"rendered":"ASGI 5er-Set N\u00b01: Gordito"},"content":{"rendered":"<p>Die erste Zigarre, die von Tres Hermanos kreiert wurde. Der Durchmesser ist derselbe wie beim Wide Churchill aus Romeo y Julieta (2,3 cm), aber k\u00fcrzer, da er nur 11 cm misst. Es handelt sich um eine eher leichte Zigarre mit Noten von Unterholz, die einen perfekten Abbrand haben wird und von Anfang an kr\u00e4ftige, gleichm\u00e4\u00dfige Aromen aufweist, die aber bis zum Ende angenehm bleiben, ohne Bitterkeit zu entwickeln, w\u00e4hrend sie an Intensit\u00e4t zunehmen.<\/p>\n<h2>Spezifikationen<\/h2>\n<p>Produktionsland: Dominikanische Republik<br \/>\nModul: Gordito<br \/>\nRing: 60<br \/>\nDurchmesser (mm): 23<br \/>\nL\u00e4nge (mm): 110<br \/>\nDeckblatt: Ecuador<br \/>\nUmblatt: Dominikanische Republik<br \/>\nEinlage : Dominikanische Republik, Peru<br \/>\nSt\u00e4rke: Leicht<br \/>\nDauer: ca. 30 Minuten<\/p>\n","protected":false},"excerpt":{"rendered":"<p>Die erste Zigarre, die von Tres Hermanos kreiert wurde. Der Durchmesser ist derselbe wie beim Wide Churchill aus Romeo y Julieta (2,3 cm), aber k\u00fcrzer, da er nur 11 cm misst. Es handelt sich um eine eher leichte Zigarre mit Noten von Unterholz, die einen perfekten Abbrand haben wird und von Anfang an kr\u00e4ftige, gleichm\u00e4\u00dfige [&hellip;]<\/p>\n","protected":false},"featured_media":647,"template":"","meta":{"_acf_changed":false},"product_brand":[],"product_cat":[56],"product_tag":[],"class_list":{"0":"post-639","1":"product","2":"type-product","3":"status-publish","4":"has-post-thumbnail","6":"product_cat-sortimente","8":"first","9":"instock","10":"taxable","11":"shipping-taxable","12":"purchasable","13":"product-type-simple"},"acf":[],"_links":{"self":[{"href":"https:\/\/www.treshermanos.ch\/de\/wp-json\/wp\/v2\/product\/639","targetHints":{"allow":["GET"]}}],"collection":[{"href":"https:\/\/www.treshermanos.ch\/de\/wp-json\/wp\/v2\/product"}],"about":[{"href":"https:\/\/www.treshermanos.ch\/de\/wp-json\/wp\/v2\/types\/product"}],"wp:featuredmedia":[{"embeddable":true,"href":"https:\/\/www.treshermanos.ch\/de\/wp-json\/wp\/v2\/media\/647"}],"wp:attachment":[{"href":"https:\/\/www.treshermanos.ch\/de\/wp-json\/wp\/v2\/media?parent=639"}],"wp:term":[{"taxonomy":"product_brand","embeddable":true,"href":"https:\/\/www.treshermanos.ch\/de\/wp-json\/wp\/v2\/product_brand?post=639"},{"taxonomy":"product_cat","embeddable":true,"href":"https:\/\/www.treshermanos.ch\/de\/wp-json\/wp\/v2\/product_cat?post=639"},{"taxonomy":"product_tag","embeddable":true,"href":"https:\/\/www.treshermanos.ch\/de\/wp-json\/wp\/v2\/product_tag?post=639"}],"curies":[{"name":"wp","href":"https:\/\/api.w.org\/{rel}","templated":true}]}}