{"id":693,"date":"2023-12-14T15:50:47","date_gmt":"2023-12-14T14:50:47","guid":{"rendered":"https:\/\/treshermanos.ch\/?post_type=product&#038;p=693"},"modified":"2023-12-14T16:06:37","modified_gmt":"2023-12-14T15:06:37","slug":"piramide-torpedo","status":"publish","type":"product","link":"https:\/\/www.treshermanos.ch\/de\/boutique\/piramide-torpedo\/","title":{"rendered":"Piramide (Torpedo) Box-press"},"content":{"rendered":"<p>Die Tres Hermanos Box-Press-Piramide-Zigarre ist eine Variante der Nummer zwei, die aus echter Piramide besteht. Die Art und Weise, wie eine gepresste Zigarre gerollt wird, unterscheidet sich etwas von der traditionellen Zigarre. Die gepresste Zigarre enth\u00e4lt etwas weniger Tabak, um die auf die Zigarre einwirkenden Kr\u00e4fte aushalten zu k\u00f6nnen. Die Zeit, die das Deckblatt in der Presse verbringt, verleiht ihm ein seidiges Aussehen und Gef\u00fchl, das es von anderen Zigarren unterscheidet. Beim Anz\u00fcnden verh\u00e4lt sich diese Zigarre wie eine normale Zigarre, aber man wird etwas \u00fcberrascht sein, wie eckig sie ist, wenn man sie in der Hand h\u00e4lt. Der ausgezeichnete Zug verleiht dieser leicht zu rauchenden Zigarre einen besonderen Reiz und der Abbrand ist besonders gut. Sie entwickelt leichte, aber reichhaltige Aromen mit einer nussigen Note im Hintergrund, die sie absolut k\u00f6stlich macht.<\/p>\n<p>Die Aromen werden w\u00e4hrend des gesamten Genusses leicht, aber reich sein. Ihr Genuss wird 30 bis 45 Minuten dauern.<\/p>\n<h2>Spezifikationen<\/h2>\n<p>Produktionsland: Dominikanische Republik<br \/>\nModul: Piramide, (Torpedo)<br \/>\nRing: 52<br \/>\nDurchmesser (mm): 21<br \/>\nL\u00e4nge (mm): 153<br \/>\nDeckblatt: Ecuador<br \/>\nUmblatt: Dominikanische Republik<br \/>\nEinlage : Dominikanische Republik, Peru, Nicaragua<br \/>\nSt\u00e4rke: Leicht<br \/>\nDauer: ca. 40 Minuten<\/p>\n","protected":false},"excerpt":{"rendered":"<p>Die Tres Hermanos Box-Press-Piramide-Zigarre ist eine Variante der Nummer zwei, die aus echter Piramide besteht. Die Art und Weise, wie eine gepresste Zigarre gerollt wird, unterscheidet sich etwas von der traditionellen Zigarre. Die gepresste Zigarre enth\u00e4lt etwas weniger Tabak, um die auf die Zigarre einwirkenden Kr\u00e4fte aushalten zu k\u00f6nnen. Die Zeit, die das Deckblatt in [&hellip;]<\/p>\n","protected":false},"featured_media":671,"template":"","meta":{"_acf_changed":false},"product_brand":[],"product_cat":[40],"product_tag":[],"class_list":{"0":"post-693","1":"product","2":"type-product","3":"status-publish","4":"has-post-thumbnail","6":"product_cat-klassische_linie","8":"first","9":"instock","10":"taxable","11":"shipping-taxable","12":"purchasable","13":"product-type-variable"},"acf":[],"_links":{"self":[{"href":"https:\/\/www.treshermanos.ch\/de\/wp-json\/wp\/v2\/product\/693","targetHints":{"allow":["GET"]}}],"collection":[{"href":"https:\/\/www.treshermanos.ch\/de\/wp-json\/wp\/v2\/product"}],"about":[{"href":"https:\/\/www.treshermanos.ch\/de\/wp-json\/wp\/v2\/types\/product"}],"wp:featuredmedia":[{"embeddable":true,"href":"https:\/\/www.treshermanos.ch\/de\/wp-json\/wp\/v2\/media\/671"}],"wp:attachment":[{"href":"https:\/\/www.treshermanos.ch\/de\/wp-json\/wp\/v2\/media?parent=693"}],"wp:term":[{"taxonomy":"product_brand","embeddable":true,"href":"https:\/\/www.treshermanos.ch\/de\/wp-json\/wp\/v2\/product_brand?post=693"},{"taxonomy":"product_cat","embeddable":true,"href":"https:\/\/www.treshermanos.ch\/de\/wp-json\/wp\/v2\/product_cat?post=693"},{"taxonomy":"product_tag","embeddable":true,"href":"https:\/\/www.treshermanos.ch\/de\/wp-json\/wp\/v2\/product_tag?post=693"}],"curies":[{"name":"wp","href":"https:\/\/api.w.org\/{rel}","templated":true}]}}